{"id":2538,"date":"2023-01-12T18:01:45","date_gmt":"2023-01-12T17:01:45","guid":{"rendered":"https:\/\/elite-capitalgroup.com\/exca\/?page_id=2538"},"modified":"2023-04-06T10:18:34","modified_gmt":"2023-04-06T09:18:34","slug":"entreprises","status":"publish","type":"page","link":"https:\/\/elite-capitalgroup.com\/exca\/entreprises\/","title":{"rendered":"Entreprises"},"content":{"rendered":"<section class=\"wpb_row vc_row-fluid section-padd\"><div class=\"container\"><div class=\"vc_row\"><div class=\"wpb_column vc_column_container vc_col-sm-12\"><div class=\"vc_column-inner\"><div class=\"wpb_wrapper\">\n    <div class=\"section-head \">\n                    <h6><span>Compte-titres entreprises<\/span><\/h6>\n                <h2 class=\"section-title\">Quels frais pour nos compte-titres ?<\/h2>\n            <\/div>\n\n\n\t<div class=\"wpb_text_column wpb_content_element  vc_custom_1680692896862\" >\n\t\t<div class=\"wpb_wrapper\">\n\t\t\t<p>Nous pratiquons uniquement les frais de conservation et de courtage.<\/p>\n\n\t\t<\/div>\n\t<\/div>\n<div class=\"vc_empty_space\"   style=\"height: 30px\"><span class=\"vc_empty_space_inner\"><\/span><\/div>\n    <div class=\"section-head \">\n                <h2 class=\"section-title\">Minimum de souscription<\/h2>\n            <\/div>\n\n\n\t<div class=\"wpb_text_column wpb_content_element \" >\n\t\t<div class=\"wpb_wrapper\">\n\t\t\t<p>Le d\u00e9p\u00f4t initial est de 500 000 FCFA.<\/p>\n\n\t\t<\/div>\n\t<\/div>\n<div class=\"vc_empty_space\"   style=\"height: 30px\"><span class=\"vc_empty_space_inner\"><\/span><\/div>\n    <div class=\"section-head \">\n                <h2 class=\"section-title\">Documents de souscription<\/h2>\n            <\/div>\n\n\n\t<div class=\"wpb_text_column wpb_content_element \" >\n\t\t<div class=\"wpb_wrapper\">\n\t\t\t<ul>\n<li>Extrait du registre de commerce en cours de validit\u00e9 ;<\/li>\n<li>Attestation d\u2019immatriculation fiscale (NIU) ;<\/li>\n<li>Attestation de non redevance ;<\/li>\n<li>Statuts ;<\/li>\n<li>PV de la derni\u00e8re Assembl\u00e9e G\u00e9n\u00e9rale ;<\/li>\n<li>Plan de localisation du site de l\u2019entreprise ;<\/li>\n<li>RIB du compte courant \u00e0 associer au compte-titre ;<\/li>\n<\/ul>\n<p>Et pour chacun des mandataires \/ signataires :<\/p>\n<ul>\n<li>La photocopie de la pi\u00e8ce d\u2019identit\u00e9 en cours de validit\u00e9<\/li>\n<li>2 cartes photo 4\u00d74 ;<\/li>\n<li>Plan de localisation g\u00e9ographique ;<\/li>\n<li>Attestation de domicile (quittance d\u2019eau & d\u2019\u00e9lectricit\u00e9).<\/li>\n<\/ul>\n\n\t\t<\/div>\n\t<\/div>\n<\/div><\/div><\/div><\/div><\/div><\/section>\n","protected":false},"excerpt":{"rendered":"Compte-titres entreprises Quels frais pour nos compte-titres ? Nous pratiquons uniquement les frais de conservation et de courtage. Minimum de souscription Le d\u00e9p\u00f4t initial est de 500 000 FCFA. Documents de souscription Extrait du registre de commerce en cours de validit\u00e9 ; Attestation d\u2019immatriculation fiscale (NIU) ; Attestation de non redevance ; Statuts ; PV [...]","protected":false},"author":2,"featured_media":0,"parent":0,"menu_order":0,"comment_status":"closed","ping_status":"closed","template":"","meta":{"footnotes":""},"class_list":["post-2538","page","type-page","status-publish","hentry"],"yoast_head":"<!-- This site is optimized with the Yoast SEO plugin v27.6 - https:\/\/yoast.com\/product\/yoast-seo-wordpress\/ -->\n<title>Entreprises - ELITE CAPITAL SECURITIES CENTRAL AFRICA<\/title>\n<meta name=\"robots\" content=\"index, follow, max-snippet:-1, max-image-preview:large, max-video-preview:-1\" \/>\n<link rel=\"canonical\" href=\"https:\/\/elite-capitalgroup.com\/exca\/entreprises\/\" \/>\n<meta property=\"og:locale\" content=\"fr_FR\" \/>\n<meta property=\"og:type\" content=\"article\" \/>\n<meta property=\"og:title\" content=\"Entreprises - ELITE CAPITAL SECURITIES CENTRAL AFRICA\" \/>\n<meta property=\"og:url\" content=\"https:\/\/elite-capitalgroup.com\/exca\/entreprises\/\" \/>\n<meta property=\"og:site_name\" content=\"ELITE CAPITAL SECURITIES CENTRAL AFRICA\" \/>\n<meta property=\"article:publisher\" content=\"https:\/\/www.facebook.com\/elitecapitalsecurities\/\" \/>\n<meta property=\"article:modified_time\" content=\"2023-04-06T09:18:34+00:00\" \/>\n<meta name=\"twitter:card\" content=\"summary_large_image\" \/>\n<meta name=\"twitter:label1\" content=\"Dur\u00e9e de lecture estim\u00e9e\" \/>\n\t<meta name=\"twitter:data1\" content=\"1 minute\" \/>\n<script type=\"application\/ld+json\" class=\"yoast-schema-graph\">{\"@context\":\"https:\\\/\\\/schema.org\",\"@graph\":[{\"@type\":\"WebPage\",\"@id\":\"https:\\\/\\\/elite-capitalgroup.com\\\/exca\\\/entreprises\\\/\",\"url\":\"https:\\\/\\\/elite-capitalgroup.com\\\/exca\\\/entreprises\\\/\",\"name\":\"Entreprises - ELITE CAPITAL SECURITIES CENTRAL AFRICA\",\"isPartOf\":{\"@id\":\"https:\\\/\\\/elite-capitalgroup.com\\\/exca\\\/#website\"},\"datePublished\":\"2023-01-12T17:01:45+00:00\",\"dateModified\":\"2023-04-06T09:18:34+00:00\",\"breadcrumb\":{\"@id\":\"https:\\\/\\\/elite-capitalgroup.com\\\/exca\\\/entreprises\\\/#breadcrumb\"},\"inLanguage\":\"fr-FR\",\"potentialAction\":[{\"@type\":\"ReadAction\",\"target\":[\"https:\\\/\\\/elite-capitalgroup.com\\\/exca\\\/entreprises\\\/\"]}]},{\"@type\":\"BreadcrumbList\",\"@id\":\"https:\\\/\\\/elite-capitalgroup.com\\\/exca\\\/entreprises\\\/#breadcrumb\",\"itemListElement\":[{\"@type\":\"ListItem\",\"position\":1,\"name\":\"Accueil\",\"item\":\"https:\\\/\\\/elite-capitalgroup.com\\\/exca\\\/\"},{\"@type\":\"ListItem\",\"position\":2,\"name\":\"Entreprises\"}]},{\"@type\":\"WebSite\",\"@id\":\"https:\\\/\\\/elite-capitalgroup.com\\\/exca\\\/#website\",\"url\":\"https:\\\/\\\/elite-capitalgroup.com\\\/exca\\\/\",\"name\":\"ELITE CAPITAL SECURITIES CENTRAL AFRICA\",\"description\":\"Partenaire privil\u00e9gi\u00e9 des \u00e9metteurs et investisseurs en zone CEMAC\",\"publisher\":{\"@id\":\"https:\\\/\\\/elite-capitalgroup.com\\\/exca\\\/#organization\"},\"potentialAction\":[{\"@type\":\"SearchAction\",\"target\":{\"@type\":\"EntryPoint\",\"urlTemplate\":\"https:\\\/\\\/elite-capitalgroup.com\\\/exca\\\/?s={search_term_string}\"},\"query-input\":{\"@type\":\"PropertyValueSpecification\",\"valueRequired\":true,\"valueName\":\"search_term_string\"}}],\"inLanguage\":\"fr-FR\"},{\"@type\":\"Organization\",\"@id\":\"https:\\\/\\\/elite-capitalgroup.com\\\/exca\\\/#organization\",\"name\":\"ELITE CAPITAL SECURITIES CENTRAL AFRICA\",\"url\":\"https:\\\/\\\/elite-capitalgroup.com\\\/exca\\\/\",\"logo\":{\"@type\":\"ImageObject\",\"inLanguage\":\"fr-FR\",\"@id\":\"https:\\\/\\\/elite-capitalgroup.com\\\/exca\\\/#\\\/schema\\\/logo\\\/image\\\/\",\"url\":\"https:\\\/\\\/i0.wp.com\\\/elite-capitalsecurities.com\\\/wp-content\\\/uploads\\\/2022\\\/01\\\/logo-baseline.png?fit=220%2C51&ssl=1\",\"contentUrl\":\"https:\\\/\\\/i0.wp.com\\\/elite-capitalsecurities.com\\\/wp-content\\\/uploads\\\/2022\\\/01\\\/logo-baseline.png?fit=220%2C51&ssl=1\",\"width\":220,\"height\":51,\"caption\":\"ELITE CAPITAL SECURITIES CENTRAL AFRICA\"},\"image\":{\"@id\":\"https:\\\/\\\/elite-capitalgroup.com\\\/exca\\\/#\\\/schema\\\/logo\\\/image\\\/\"},\"sameAs\":[\"https:\\\/\\\/www.facebook.com\\\/elitecapitalsecurities\\\/\",\"https:\\\/\\\/www.linkedin.com\\\/company\\\/elite-capital-securities-central-africa\\\/\"]}]}<\/script>\n<!-- \/ Yoast SEO plugin. -->","yoast_head_json":{"title":"Entreprises - ELITE CAPITAL SECURITIES CENTRAL AFRICA","robots":{"index":"index","follow":"follow","max-snippet":"max-snippet:-1","max-image-preview":"max-image-preview:large","max-video-preview":"max-video-preview:-1"},"canonical":"https:\/\/elite-capitalgroup.com\/exca\/entreprises\/","og_locale":"fr_FR","og_type":"article","og_title":"Entreprises - ELITE CAPITAL SECURITIES CENTRAL AFRICA","og_url":"https:\/\/elite-capitalgroup.com\/exca\/entreprises\/","og_site_name":"ELITE CAPITAL SECURITIES CENTRAL AFRICA","article_publisher":"https:\/\/www.facebook.com\/elitecapitalsecurities\/","article_modified_time":"2023-04-06T09:18:34+00:00","twitter_card":"summary_large_image","twitter_misc":{"Dur\u00e9e de lecture estim\u00e9e":"1 minute"},"schema":{"@context":"https:\/\/schema.org","@graph":[{"@type":"WebPage","@id":"https:\/\/elite-capitalgroup.com\/exca\/entreprises\/","url":"https:\/\/elite-capitalgroup.com\/exca\/entreprises\/","name":"Entreprises - ELITE CAPITAL SECURITIES CENTRAL AFRICA","isPartOf":{"@id":"https:\/\/elite-capitalgroup.com\/exca\/#website"},"datePublished":"2023-01-12T17:01:45+00:00","dateModified":"2023-04-06T09:18:34+00:00","breadcrumb":{"@id":"https:\/\/elite-capitalgroup.com\/exca\/entreprises\/#breadcrumb"},"inLanguage":"fr-FR","potentialAction":[{"@type":"ReadAction","target":["https:\/\/elite-capitalgroup.com\/exca\/entreprises\/"]}]},{"@type":"BreadcrumbList","@id":"https:\/\/elite-capitalgroup.com\/exca\/entreprises\/#breadcrumb","itemListElement":[{"@type":"ListItem","position":1,"name":"Accueil","item":"https:\/\/elite-capitalgroup.com\/exca\/"},{"@type":"ListItem","position":2,"name":"Entreprises"}]},{"@type":"WebSite","@id":"https:\/\/elite-capitalgroup.com\/exca\/#website","url":"https:\/\/elite-capitalgroup.com\/exca\/","name":"ELITE CAPITAL SECURITIES CENTRAL AFRICA","description":"Partenaire privil\u00e9gi\u00e9 des \u00e9metteurs et investisseurs en zone CEMAC","publisher":{"@id":"https:\/\/elite-capitalgroup.com\/exca\/#organization"},"potentialAction":[{"@type":"SearchAction","target":{"@type":"EntryPoint","urlTemplate":"https:\/\/elite-capitalgroup.com\/exca\/?s={search_term_string}"},"query-input":{"@type":"PropertyValueSpecification","valueRequired":true,"valueName":"search_term_string"}}],"inLanguage":"fr-FR"},{"@type":"Organization","@id":"https:\/\/elite-capitalgroup.com\/exca\/#organization","name":"ELITE CAPITAL SECURITIES CENTRAL AFRICA","url":"https:\/\/elite-capitalgroup.com\/exca\/","logo":{"@type":"ImageObject","inLanguage":"fr-FR","@id":"https:\/\/elite-capitalgroup.com\/exca\/#\/schema\/logo\/image\/","url":"https:\/\/i0.wp.com\/elite-capitalsecurities.com\/wp-content\/uploads\/2022\/01\/logo-baseline.png?fit=220%2C51&ssl=1","contentUrl":"https:\/\/i0.wp.com\/elite-capitalsecurities.com\/wp-content\/uploads\/2022\/01\/logo-baseline.png?fit=220%2C51&ssl=1","width":220,"height":51,"caption":"ELITE CAPITAL SECURITIES CENTRAL AFRICA"},"image":{"@id":"https:\/\/elite-capitalgroup.com\/exca\/#\/schema\/logo\/image\/"},"sameAs":["https:\/\/www.facebook.com\/elitecapitalsecurities\/","https:\/\/www.linkedin.com\/company\/elite-capital-securities-central-africa\/"]}]}},"_links":{"self":[{"href":"https:\/\/elite-capitalgroup.com\/exca\/wp-json\/wp\/v2\/pages\/2538","targetHints":{"allow":["GET"]}}],"collection":[{"href":"https:\/\/elite-capitalgroup.com\/exca\/wp-json\/wp\/v2\/pages"}],"about":[{"href":"https:\/\/elite-capitalgroup.com\/exca\/wp-json\/wp\/v2\/types\/page"}],"author":[{"embeddable":true,"href":"https:\/\/elite-capitalgroup.com\/exca\/wp-json\/wp\/v2\/users\/2"}],"replies":[{"embeddable":true,"href":"https:\/\/elite-capitalgroup.com\/exca\/wp-json\/wp\/v2\/comments?post=2538"}],"version-history":[{"count":6,"href":"https:\/\/elite-capitalgroup.com\/exca\/wp-json\/wp\/v2\/pages\/2538\/revisions"}],"predecessor-version":[{"id":2680,"href":"https:\/\/elite-capitalgroup.com\/exca\/wp-json\/wp\/v2\/pages\/2538\/revisions\/2680"}],"wp:attachment":[{"href":"https:\/\/elite-capitalgroup.com\/exca\/wp-json\/wp\/v2\/media?parent=2538"}],"curies":[{"name":"wp","href":"https:\/\/api.w.org\/{rel}","templated":true}]}}