{"id":2536,"date":"2023-01-12T17:59:43","date_gmt":"2023-01-12T16:59:43","guid":{"rendered":"https:\/\/elite-capitalgroup.com\/exca\/?page_id=2536"},"modified":"2023-04-06T10:15:40","modified_gmt":"2023-04-06T09:15:40","slug":"particuliers","status":"publish","type":"page","link":"https:\/\/elite-capitalgroup.com\/exca\/particuliers\/","title":{"rendered":"Particuliers"},"content":{"rendered":"<section class=\"wpb_row vc_row-fluid section-padd\"><div class=\"container\"><div class=\"vc_row\"><div class=\"wpb_column vc_column_container vc_col-sm-12\"><div class=\"vc_column-inner\"><div class=\"wpb_wrapper\">\n    <div class=\"section-head \">\n                    <h6><span>Compte-titres particuliers<\/span><\/h6>\n                <h2 class=\"section-title\">Quels frais pour nos compte-titres ?<\/h2>\n            <\/div>\n\n\n\t<div class=\"wpb_text_column wpb_content_element  vc_custom_1680692735617\" >\n\t\t<div class=\"wpb_wrapper\">\n\t\t\t<p>Nous pratiquons uniquement les frais de conservation et de courtage.<\/p>\n\n\t\t<\/div>\n\t<\/div>\n<div class=\"vc_empty_space\"   style=\"height: 30px\"><span class=\"vc_empty_space_inner\"><\/span><\/div>\n    <div class=\"section-head \">\n                <h2 class=\"section-title\">Minimum de soucription<\/h2>\n            <\/div>\n\n\n\t<div class=\"wpb_text_column wpb_content_element \" >\n\t\t<div class=\"wpb_wrapper\">\n\t\t\t<p>Le d\u00e9p\u00f4t initial est de 300 000 FCFA.<\/p>\n\n\t\t<\/div>\n\t<\/div>\n<div class=\"vc_empty_space\"   style=\"height: 30px\"><span class=\"vc_empty_space_inner\"><\/span><\/div>\n    <div class=\"section-head \">\n                <h2 class=\"section-title\">Documents de souscription<\/h2>\n            <\/div>\n\n\n\t<div class=\"wpb_text_column wpb_content_element \" >\n\t\t<div class=\"wpb_wrapper\">\n\t\t\t<ul>\n<li>Le formulaire d\u2019ouverture de compte-titre d\u00fbment renseign\u00e9 et sign\u00e9<\/li>\n<li>La convention de compte titres d\u00fbment renseign\u00e9e et sign\u00e9e<\/li>\n<li>La photocopie de la pi\u00e8ce d\u2019identit\u00e9 en cours de validit\u00e9 ;<\/li>\n<li>2 cartes photo 4\u00d74 ;<\/li>\n<li>Le RIB du compte courant \u00e0 associer au compte-titre<\/li>\n<li>Le Plan de localisation g\u00e9ographique de votre domicile ;<\/li>\n<li>L\u2019Attestation de domicile (quittance eau, \u00e9lectricit\u00e9 ou t\u00e9l\u00e9phone);<\/li>\n<li>L\u2019attestation d\u2019immatriculation fiscale (NIU)<\/li>\n<\/ul>\n\n\t\t<\/div>\n\t<\/div>\n<\/div><\/div><\/div><\/div><\/div><\/section>\n","protected":false},"excerpt":{"rendered":"Compte-titres particuliers Quels frais pour nos compte-titres ? Nous pratiquons uniquement les frais de conservation et de courtage. Minimum de soucription Le d\u00e9p\u00f4t initial est de 300 000 FCFA. Documents de souscription Le formulaire d\u2019ouverture de compte-titre d\u00fbment renseign\u00e9 et sign\u00e9 La convention de compte titres d\u00fbment renseign\u00e9e et sign\u00e9e La photocopie de la pi\u00e8ce [...]","protected":false},"author":2,"featured_media":0,"parent":0,"menu_order":0,"comment_status":"closed","ping_status":"closed","template":"","meta":{"footnotes":""},"class_list":["post-2536","page","type-page","status-publish","hentry"],"yoast_head":"<!-- This site is optimized with the Yoast SEO plugin v27.6 - https:\/\/yoast.com\/product\/yoast-seo-wordpress\/ -->\n<title>Particuliers - ELITE CAPITAL SECURITIES CENTRAL AFRICA<\/title>\n<meta name=\"robots\" content=\"index, follow, max-snippet:-1, max-image-preview:large, max-video-preview:-1\" \/>\n<link rel=\"canonical\" href=\"https:\/\/elite-capitalgroup.com\/exca\/particuliers\/\" \/>\n<meta property=\"og:locale\" content=\"fr_FR\" \/>\n<meta property=\"og:type\" content=\"article\" \/>\n<meta property=\"og:title\" content=\"Particuliers - ELITE CAPITAL SECURITIES CENTRAL AFRICA\" \/>\n<meta property=\"og:url\" content=\"https:\/\/elite-capitalgroup.com\/exca\/particuliers\/\" \/>\n<meta property=\"og:site_name\" content=\"ELITE CAPITAL SECURITIES CENTRAL AFRICA\" \/>\n<meta property=\"article:publisher\" content=\"https:\/\/www.facebook.com\/elitecapitalsecurities\/\" \/>\n<meta property=\"article:modified_time\" content=\"2023-04-06T09:15:40+00:00\" \/>\n<meta name=\"twitter:card\" content=\"summary_large_image\" \/>\n<meta name=\"twitter:label1\" content=\"Dur\u00e9e de lecture estim\u00e9e\" \/>\n\t<meta name=\"twitter:data1\" content=\"1 minute\" \/>\n<script type=\"application\/ld+json\" class=\"yoast-schema-graph\">{\"@context\":\"https:\\\/\\\/schema.org\",\"@graph\":[{\"@type\":\"WebPage\",\"@id\":\"https:\\\/\\\/elite-capitalgroup.com\\\/exca\\\/particuliers\\\/\",\"url\":\"https:\\\/\\\/elite-capitalgroup.com\\\/exca\\\/particuliers\\\/\",\"name\":\"Particuliers - ELITE CAPITAL SECURITIES CENTRAL AFRICA\",\"isPartOf\":{\"@id\":\"https:\\\/\\\/elite-capitalgroup.com\\\/exca\\\/#website\"},\"datePublished\":\"2023-01-12T16:59:43+00:00\",\"dateModified\":\"2023-04-06T09:15:40+00:00\",\"breadcrumb\":{\"@id\":\"https:\\\/\\\/elite-capitalgroup.com\\\/exca\\\/particuliers\\\/#breadcrumb\"},\"inLanguage\":\"fr-FR\",\"potentialAction\":[{\"@type\":\"ReadAction\",\"target\":[\"https:\\\/\\\/elite-capitalgroup.com\\\/exca\\\/particuliers\\\/\"]}]},{\"@type\":\"BreadcrumbList\",\"@id\":\"https:\\\/\\\/elite-capitalgroup.com\\\/exca\\\/particuliers\\\/#breadcrumb\",\"itemListElement\":[{\"@type\":\"ListItem\",\"position\":1,\"name\":\"Accueil\",\"item\":\"https:\\\/\\\/elite-capitalgroup.com\\\/exca\\\/\"},{\"@type\":\"ListItem\",\"position\":2,\"name\":\"Particuliers\"}]},{\"@type\":\"WebSite\",\"@id\":\"https:\\\/\\\/elite-capitalgroup.com\\\/exca\\\/#website\",\"url\":\"https:\\\/\\\/elite-capitalgroup.com\\\/exca\\\/\",\"name\":\"ELITE CAPITAL SECURITIES CENTRAL AFRICA\",\"description\":\"Partenaire privil\u00e9gi\u00e9 des \u00e9metteurs et investisseurs en zone CEMAC\",\"publisher\":{\"@id\":\"https:\\\/\\\/elite-capitalgroup.com\\\/exca\\\/#organization\"},\"potentialAction\":[{\"@type\":\"SearchAction\",\"target\":{\"@type\":\"EntryPoint\",\"urlTemplate\":\"https:\\\/\\\/elite-capitalgroup.com\\\/exca\\\/?s={search_term_string}\"},\"query-input\":{\"@type\":\"PropertyValueSpecification\",\"valueRequired\":true,\"valueName\":\"search_term_string\"}}],\"inLanguage\":\"fr-FR\"},{\"@type\":\"Organization\",\"@id\":\"https:\\\/\\\/elite-capitalgroup.com\\\/exca\\\/#organization\",\"name\":\"ELITE CAPITAL SECURITIES CENTRAL AFRICA\",\"url\":\"https:\\\/\\\/elite-capitalgroup.com\\\/exca\\\/\",\"logo\":{\"@type\":\"ImageObject\",\"inLanguage\":\"fr-FR\",\"@id\":\"https:\\\/\\\/elite-capitalgroup.com\\\/exca\\\/#\\\/schema\\\/logo\\\/image\\\/\",\"url\":\"https:\\\/\\\/i0.wp.com\\\/elite-capitalsecurities.com\\\/wp-content\\\/uploads\\\/2022\\\/01\\\/logo-baseline.png?fit=220%2C51&ssl=1\",\"contentUrl\":\"https:\\\/\\\/i0.wp.com\\\/elite-capitalsecurities.com\\\/wp-content\\\/uploads\\\/2022\\\/01\\\/logo-baseline.png?fit=220%2C51&ssl=1\",\"width\":220,\"height\":51,\"caption\":\"ELITE CAPITAL SECURITIES CENTRAL AFRICA\"},\"image\":{\"@id\":\"https:\\\/\\\/elite-capitalgroup.com\\\/exca\\\/#\\\/schema\\\/logo\\\/image\\\/\"},\"sameAs\":[\"https:\\\/\\\/www.facebook.com\\\/elitecapitalsecurities\\\/\",\"https:\\\/\\\/www.linkedin.com\\\/company\\\/elite-capital-securities-central-africa\\\/\"]}]}<\/script>\n<!-- \/ Yoast SEO plugin. -->","yoast_head_json":{"title":"Particuliers - ELITE CAPITAL SECURITIES CENTRAL AFRICA","robots":{"index":"index","follow":"follow","max-snippet":"max-snippet:-1","max-image-preview":"max-image-preview:large","max-video-preview":"max-video-preview:-1"},"canonical":"https:\/\/elite-capitalgroup.com\/exca\/particuliers\/","og_locale":"fr_FR","og_type":"article","og_title":"Particuliers - ELITE CAPITAL SECURITIES CENTRAL AFRICA","og_url":"https:\/\/elite-capitalgroup.com\/exca\/particuliers\/","og_site_name":"ELITE CAPITAL SECURITIES CENTRAL AFRICA","article_publisher":"https:\/\/www.facebook.com\/elitecapitalsecurities\/","article_modified_time":"2023-04-06T09:15:40+00:00","twitter_card":"summary_large_image","twitter_misc":{"Dur\u00e9e de lecture estim\u00e9e":"1 minute"},"schema":{"@context":"https:\/\/schema.org","@graph":[{"@type":"WebPage","@id":"https:\/\/elite-capitalgroup.com\/exca\/particuliers\/","url":"https:\/\/elite-capitalgroup.com\/exca\/particuliers\/","name":"Particuliers - ELITE CAPITAL SECURITIES CENTRAL AFRICA","isPartOf":{"@id":"https:\/\/elite-capitalgroup.com\/exca\/#website"},"datePublished":"2023-01-12T16:59:43+00:00","dateModified":"2023-04-06T09:15:40+00:00","breadcrumb":{"@id":"https:\/\/elite-capitalgroup.com\/exca\/particuliers\/#breadcrumb"},"inLanguage":"fr-FR","potentialAction":[{"@type":"ReadAction","target":["https:\/\/elite-capitalgroup.com\/exca\/particuliers\/"]}]},{"@type":"BreadcrumbList","@id":"https:\/\/elite-capitalgroup.com\/exca\/particuliers\/#breadcrumb","itemListElement":[{"@type":"ListItem","position":1,"name":"Accueil","item":"https:\/\/elite-capitalgroup.com\/exca\/"},{"@type":"ListItem","position":2,"name":"Particuliers"}]},{"@type":"WebSite","@id":"https:\/\/elite-capitalgroup.com\/exca\/#website","url":"https:\/\/elite-capitalgroup.com\/exca\/","name":"ELITE CAPITAL SECURITIES CENTRAL AFRICA","description":"Partenaire privil\u00e9gi\u00e9 des \u00e9metteurs et investisseurs en zone CEMAC","publisher":{"@id":"https:\/\/elite-capitalgroup.com\/exca\/#organization"},"potentialAction":[{"@type":"SearchAction","target":{"@type":"EntryPoint","urlTemplate":"https:\/\/elite-capitalgroup.com\/exca\/?s={search_term_string}"},"query-input":{"@type":"PropertyValueSpecification","valueRequired":true,"valueName":"search_term_string"}}],"inLanguage":"fr-FR"},{"@type":"Organization","@id":"https:\/\/elite-capitalgroup.com\/exca\/#organization","name":"ELITE CAPITAL SECURITIES CENTRAL AFRICA","url":"https:\/\/elite-capitalgroup.com\/exca\/","logo":{"@type":"ImageObject","inLanguage":"fr-FR","@id":"https:\/\/elite-capitalgroup.com\/exca\/#\/schema\/logo\/image\/","url":"https:\/\/i0.wp.com\/elite-capitalsecurities.com\/wp-content\/uploads\/2022\/01\/logo-baseline.png?fit=220%2C51&ssl=1","contentUrl":"https:\/\/i0.wp.com\/elite-capitalsecurities.com\/wp-content\/uploads\/2022\/01\/logo-baseline.png?fit=220%2C51&ssl=1","width":220,"height":51,"caption":"ELITE CAPITAL SECURITIES CENTRAL AFRICA"},"image":{"@id":"https:\/\/elite-capitalgroup.com\/exca\/#\/schema\/logo\/image\/"},"sameAs":["https:\/\/www.facebook.com\/elitecapitalsecurities\/","https:\/\/www.linkedin.com\/company\/elite-capital-securities-central-africa\/"]}]}},"_links":{"self":[{"href":"https:\/\/elite-capitalgroup.com\/exca\/wp-json\/wp\/v2\/pages\/2536","targetHints":{"allow":["GET"]}}],"collection":[{"href":"https:\/\/elite-capitalgroup.com\/exca\/wp-json\/wp\/v2\/pages"}],"about":[{"href":"https:\/\/elite-capitalgroup.com\/exca\/wp-json\/wp\/v2\/types\/page"}],"author":[{"embeddable":true,"href":"https:\/\/elite-capitalgroup.com\/exca\/wp-json\/wp\/v2\/users\/2"}],"replies":[{"embeddable":true,"href":"https:\/\/elite-capitalgroup.com\/exca\/wp-json\/wp\/v2\/comments?post=2536"}],"version-history":[{"count":7,"href":"https:\/\/elite-capitalgroup.com\/exca\/wp-json\/wp\/v2\/pages\/2536\/revisions"}],"predecessor-version":[{"id":2679,"href":"https:\/\/elite-capitalgroup.com\/exca\/wp-json\/wp\/v2\/pages\/2536\/revisions\/2679"}],"wp:attachment":[{"href":"https:\/\/elite-capitalgroup.com\/exca\/wp-json\/wp\/v2\/media?parent=2536"}],"curies":[{"name":"wp","href":"https:\/\/api.w.org\/{rel}","templated":true}]}}