{"id":2534,"date":"2023-01-12T17:56:10","date_gmt":"2023-01-12T16:56:10","guid":{"rendered":"https:\/\/elite-capitalgroup.com\/exca\/?page_id=2534"},"modified":"2023-01-23T03:13:54","modified_gmt":"2023-01-23T02:13:54","slug":"compte-titres","status":"publish","type":"page","link":"https:\/\/elite-capitalgroup.com\/exca\/compte-titres\/","title":{"rendered":"Compte-titres"},"content":{"rendered":"<section class=\"wpb_row vc_row-fluid section-padd\"><div class=\"container\"><div class=\"vc_row\"><div class=\"wpb_column vc_column_container vc_col-sm-12\"><div class=\"vc_column-inner\"><div class=\"wpb_wrapper\">\n    <div class=\"section-head \">\n                    <h6><span>COMPTE-TITRES<\/span><\/h6>\n                <h2 class=\"section-title\">Qu'est-ce qu'un compte-titres ?<\/h2>\n            <\/div>\n\n\n\t<div class=\"wpb_text_column wpb_content_element  vc_custom_1673816683544\" >\n\t\t<div class=\"wpb_wrapper\">\n\t\t\t<p>Un compte-titres est un compte permettant d\u2019investir en bourse dans plusieurs valeurs mobili\u00e8res (actions, obligations, bons de souscriptions\u2026) sur les march\u00e9s financiers.<\/p>\n<p>Toute personne physique (majeure ou mineure) ou morale peut ouvrir un compte-titres. Dans le cas des mineurs, l\u2019autorisation parentale est n\u00e9cessaire et le repr\u00e9sentant l\u00e9gal sera d\u00e9sign\u00e9 comme mandataire.<\/p>\n\n\t\t<\/div>\n\t<\/div>\n<div class=\"vc_empty_space\"   style=\"height: 30px\"><span class=\"vc_empty_space_inner\"><\/span><\/div>\n    <div class=\"section-head \">\n                <h2 class=\"section-title\">Caract\u00e9ristiques de nos compte-titres<\/h2>\n            <\/div>\n\n\n\t<div class=\"wpb_text_column wpb_content_element \" >\n\t\t<div class=\"wpb_wrapper\">\n\t\t\t<ul>\n<li>Approvisionnement en titres illimit\u00e9 ;<\/li>\n<li>Pas de fiscalit\u00e9 sur les bons et obligations du tr\u00e9sor ;<\/li>\n<li>Exon\u00e9ration de l\u2019IRPP pour les int\u00e9r\u00eats des obligations des Etats et des CTD de la CEMAC (<em>CGI2022, Art43<\/em>) ;<\/li>\n<li>Rentabilit\u00e9 autour de 6% sur des titres \u00e0 court, moyen ou long terme ;<\/li>\n<li>Possibilit\u00e9 de d\u00e9gager des plus-values ;<\/li>\n<li>Possibilit\u00e9 de piloter les investissements afin d\u2019optimiser la rentabilit\u00e9 des placements ;<\/li>\n<li>Diversification des op\u00e9rations (titres du tr\u00e9sor, actions, obligations, parts d\u2019OPCVM, etc.,)<\/li>\n<\/ul>\n\n\t\t<\/div>\n\t<\/div>\n<div class=\"vc_empty_space\"   style=\"height: 30px\"><span class=\"vc_empty_space_inner\"><\/span><\/div>\n    <div class=\"section-head \">\n                <h2 class=\"section-title\">Pourquoi avoir un compte-titres ?<\/h2>\n            <\/div>\n\n\n\t<div class=\"wpb_text_column wpb_content_element \" >\n\t\t<div class=\"wpb_wrapper\">\n\t\t\t<ul>\n<li>Placement alliant s\u00e9curit\u00e9 et qualit\u00e9 ;<\/li>\n<li>Couple rendement\/risque optimal ;<\/li>\n<li>R\u00e9mun\u00e9ration connue et\/ou pay\u00e9e d\u2019avance ;<\/li>\n<li>Transparence de la voie d\u2019\u00e9mission (adjudication) ;<\/li>\n<li>Z\u00e9ro d\u00e9faut de paiement des \u00e9metteurs ;<\/li>\n<li>Diversification du portefeuille ;<\/li>\n<li>Peut servir de garantie aupr\u00e8s des institutions bancaires en cas de besoin de pr\u00eat ;<\/li>\n<li>La liquidit\u00e9 des titres est garantie par la BEAC.<\/li>\n<\/ul>\n\n\t\t<\/div>\n\t<\/div>\n<\/div><\/div><\/div><\/div><\/div><\/section>\n","protected":false},"excerpt":{"rendered":"COMPTE-TITRES Qu'est-ce qu'un compte-titres ? Un compte-titres est un compte permettant d'investir en bourse dans plusieurs valeurs mobili\u00e8res (actions, obligations, bons de souscriptions\u2026) sur les march\u00e9s financiers. Toute personne physique (majeure ou mineure) ou morale peut ouvrir un compte-titres. Dans le cas des mineurs, l\u2019autorisation parentale est n\u00e9cessaire et le repr\u00e9sentant l\u00e9gal sera d\u00e9sign\u00e9 comme [...]","protected":false},"author":2,"featured_media":0,"parent":0,"menu_order":0,"comment_status":"closed","ping_status":"closed","template":"","meta":{"footnotes":""},"class_list":["post-2534","page","type-page","status-publish","hentry"],"yoast_head":"<!-- This site is optimized with the Yoast SEO plugin v27.6 - https:\/\/yoast.com\/product\/yoast-seo-wordpress\/ -->\n<title>Compte-titres - ELITE CAPITAL SECURITIES CENTRAL AFRICA<\/title>\n<meta name=\"robots\" content=\"index, follow, max-snippet:-1, max-image-preview:large, max-video-preview:-1\" \/>\n<link rel=\"canonical\" href=\"https:\/\/elite-capitalgroup.com\/exca\/compte-titres\/\" \/>\n<meta property=\"og:locale\" content=\"fr_FR\" \/>\n<meta property=\"og:type\" content=\"article\" \/>\n<meta property=\"og:title\" content=\"Compte-titres - ELITE CAPITAL SECURITIES CENTRAL AFRICA\" \/>\n<meta property=\"og:url\" content=\"https:\/\/elite-capitalgroup.com\/exca\/compte-titres\/\" \/>\n<meta property=\"og:site_name\" content=\"ELITE CAPITAL SECURITIES CENTRAL AFRICA\" \/>\n<meta property=\"article:publisher\" content=\"https:\/\/www.facebook.com\/elitecapitalsecurities\/\" \/>\n<meta property=\"article:modified_time\" content=\"2023-01-23T02:13:54+00:00\" \/>\n<meta name=\"twitter:card\" content=\"summary_large_image\" \/>\n<meta name=\"twitter:label1\" content=\"Dur\u00e9e de lecture estim\u00e9e\" \/>\n\t<meta name=\"twitter:data1\" content=\"2 minutes\" \/>\n<script type=\"application\/ld+json\" class=\"yoast-schema-graph\">{\"@context\":\"https:\\\/\\\/schema.org\",\"@graph\":[{\"@type\":\"WebPage\",\"@id\":\"https:\\\/\\\/elite-capitalgroup.com\\\/exca\\\/compte-titres\\\/\",\"url\":\"https:\\\/\\\/elite-capitalgroup.com\\\/exca\\\/compte-titres\\\/\",\"name\":\"Compte-titres - ELITE CAPITAL SECURITIES CENTRAL AFRICA\",\"isPartOf\":{\"@id\":\"https:\\\/\\\/elite-capitalgroup.com\\\/exca\\\/#website\"},\"datePublished\":\"2023-01-12T16:56:10+00:00\",\"dateModified\":\"2023-01-23T02:13:54+00:00\",\"breadcrumb\":{\"@id\":\"https:\\\/\\\/elite-capitalgroup.com\\\/exca\\\/compte-titres\\\/#breadcrumb\"},\"inLanguage\":\"fr-FR\",\"potentialAction\":[{\"@type\":\"ReadAction\",\"target\":[\"https:\\\/\\\/elite-capitalgroup.com\\\/exca\\\/compte-titres\\\/\"]}]},{\"@type\":\"BreadcrumbList\",\"@id\":\"https:\\\/\\\/elite-capitalgroup.com\\\/exca\\\/compte-titres\\\/#breadcrumb\",\"itemListElement\":[{\"@type\":\"ListItem\",\"position\":1,\"name\":\"Accueil\",\"item\":\"https:\\\/\\\/elite-capitalgroup.com\\\/exca\\\/\"},{\"@type\":\"ListItem\",\"position\":2,\"name\":\"Compte-titres\"}]},{\"@type\":\"WebSite\",\"@id\":\"https:\\\/\\\/elite-capitalgroup.com\\\/exca\\\/#website\",\"url\":\"https:\\\/\\\/elite-capitalgroup.com\\\/exca\\\/\",\"name\":\"ELITE CAPITAL SECURITIES CENTRAL AFRICA\",\"description\":\"Partenaire privil\u00e9gi\u00e9 des \u00e9metteurs et investisseurs en zone CEMAC\",\"publisher\":{\"@id\":\"https:\\\/\\\/elite-capitalgroup.com\\\/exca\\\/#organization\"},\"potentialAction\":[{\"@type\":\"SearchAction\",\"target\":{\"@type\":\"EntryPoint\",\"urlTemplate\":\"https:\\\/\\\/elite-capitalgroup.com\\\/exca\\\/?s={search_term_string}\"},\"query-input\":{\"@type\":\"PropertyValueSpecification\",\"valueRequired\":true,\"valueName\":\"search_term_string\"}}],\"inLanguage\":\"fr-FR\"},{\"@type\":\"Organization\",\"@id\":\"https:\\\/\\\/elite-capitalgroup.com\\\/exca\\\/#organization\",\"name\":\"ELITE CAPITAL SECURITIES CENTRAL AFRICA\",\"url\":\"https:\\\/\\\/elite-capitalgroup.com\\\/exca\\\/\",\"logo\":{\"@type\":\"ImageObject\",\"inLanguage\":\"fr-FR\",\"@id\":\"https:\\\/\\\/elite-capitalgroup.com\\\/exca\\\/#\\\/schema\\\/logo\\\/image\\\/\",\"url\":\"https:\\\/\\\/i0.wp.com\\\/elite-capitalsecurities.com\\\/wp-content\\\/uploads\\\/2022\\\/01\\\/logo-baseline.png?fit=220%2C51&ssl=1\",\"contentUrl\":\"https:\\\/\\\/i0.wp.com\\\/elite-capitalsecurities.com\\\/wp-content\\\/uploads\\\/2022\\\/01\\\/logo-baseline.png?fit=220%2C51&ssl=1\",\"width\":220,\"height\":51,\"caption\":\"ELITE CAPITAL SECURITIES CENTRAL AFRICA\"},\"image\":{\"@id\":\"https:\\\/\\\/elite-capitalgroup.com\\\/exca\\\/#\\\/schema\\\/logo\\\/image\\\/\"},\"sameAs\":[\"https:\\\/\\\/www.facebook.com\\\/elitecapitalsecurities\\\/\",\"https:\\\/\\\/www.linkedin.com\\\/company\\\/elite-capital-securities-central-africa\\\/\"]}]}<\/script>\n<!-- \/ Yoast SEO plugin. -->","yoast_head_json":{"title":"Compte-titres - ELITE CAPITAL SECURITIES CENTRAL AFRICA","robots":{"index":"index","follow":"follow","max-snippet":"max-snippet:-1","max-image-preview":"max-image-preview:large","max-video-preview":"max-video-preview:-1"},"canonical":"https:\/\/elite-capitalgroup.com\/exca\/compte-titres\/","og_locale":"fr_FR","og_type":"article","og_title":"Compte-titres - ELITE CAPITAL SECURITIES CENTRAL AFRICA","og_url":"https:\/\/elite-capitalgroup.com\/exca\/compte-titres\/","og_site_name":"ELITE CAPITAL SECURITIES CENTRAL AFRICA","article_publisher":"https:\/\/www.facebook.com\/elitecapitalsecurities\/","article_modified_time":"2023-01-23T02:13:54+00:00","twitter_card":"summary_large_image","twitter_misc":{"Dur\u00e9e de lecture estim\u00e9e":"2 minutes"},"schema":{"@context":"https:\/\/schema.org","@graph":[{"@type":"WebPage","@id":"https:\/\/elite-capitalgroup.com\/exca\/compte-titres\/","url":"https:\/\/elite-capitalgroup.com\/exca\/compte-titres\/","name":"Compte-titres - ELITE CAPITAL SECURITIES CENTRAL AFRICA","isPartOf":{"@id":"https:\/\/elite-capitalgroup.com\/exca\/#website"},"datePublished":"2023-01-12T16:56:10+00:00","dateModified":"2023-01-23T02:13:54+00:00","breadcrumb":{"@id":"https:\/\/elite-capitalgroup.com\/exca\/compte-titres\/#breadcrumb"},"inLanguage":"fr-FR","potentialAction":[{"@type":"ReadAction","target":["https:\/\/elite-capitalgroup.com\/exca\/compte-titres\/"]}]},{"@type":"BreadcrumbList","@id":"https:\/\/elite-capitalgroup.com\/exca\/compte-titres\/#breadcrumb","itemListElement":[{"@type":"ListItem","position":1,"name":"Accueil","item":"https:\/\/elite-capitalgroup.com\/exca\/"},{"@type":"ListItem","position":2,"name":"Compte-titres"}]},{"@type":"WebSite","@id":"https:\/\/elite-capitalgroup.com\/exca\/#website","url":"https:\/\/elite-capitalgroup.com\/exca\/","name":"ELITE CAPITAL SECURITIES CENTRAL AFRICA","description":"Partenaire privil\u00e9gi\u00e9 des \u00e9metteurs et investisseurs en zone CEMAC","publisher":{"@id":"https:\/\/elite-capitalgroup.com\/exca\/#organization"},"potentialAction":[{"@type":"SearchAction","target":{"@type":"EntryPoint","urlTemplate":"https:\/\/elite-capitalgroup.com\/exca\/?s={search_term_string}"},"query-input":{"@type":"PropertyValueSpecification","valueRequired":true,"valueName":"search_term_string"}}],"inLanguage":"fr-FR"},{"@type":"Organization","@id":"https:\/\/elite-capitalgroup.com\/exca\/#organization","name":"ELITE CAPITAL SECURITIES CENTRAL AFRICA","url":"https:\/\/elite-capitalgroup.com\/exca\/","logo":{"@type":"ImageObject","inLanguage":"fr-FR","@id":"https:\/\/elite-capitalgroup.com\/exca\/#\/schema\/logo\/image\/","url":"https:\/\/i0.wp.com\/elite-capitalsecurities.com\/wp-content\/uploads\/2022\/01\/logo-baseline.png?fit=220%2C51&ssl=1","contentUrl":"https:\/\/i0.wp.com\/elite-capitalsecurities.com\/wp-content\/uploads\/2022\/01\/logo-baseline.png?fit=220%2C51&ssl=1","width":220,"height":51,"caption":"ELITE CAPITAL SECURITIES CENTRAL AFRICA"},"image":{"@id":"https:\/\/elite-capitalgroup.com\/exca\/#\/schema\/logo\/image\/"},"sameAs":["https:\/\/www.facebook.com\/elitecapitalsecurities\/","https:\/\/www.linkedin.com\/company\/elite-capital-securities-central-africa\/"]}]}},"_links":{"self":[{"href":"https:\/\/elite-capitalgroup.com\/exca\/wp-json\/wp\/v2\/pages\/2534","targetHints":{"allow":["GET"]}}],"collection":[{"href":"https:\/\/elite-capitalgroup.com\/exca\/wp-json\/wp\/v2\/pages"}],"about":[{"href":"https:\/\/elite-capitalgroup.com\/exca\/wp-json\/wp\/v2\/types\/page"}],"author":[{"embeddable":true,"href":"https:\/\/elite-capitalgroup.com\/exca\/wp-json\/wp\/v2\/users\/2"}],"replies":[{"embeddable":true,"href":"https:\/\/elite-capitalgroup.com\/exca\/wp-json\/wp\/v2\/comments?post=2534"}],"version-history":[{"count":5,"href":"https:\/\/elite-capitalgroup.com\/exca\/wp-json\/wp\/v2\/pages\/2534\/revisions"}],"predecessor-version":[{"id":2600,"href":"https:\/\/elite-capitalgroup.com\/exca\/wp-json\/wp\/v2\/pages\/2534\/revisions\/2600"}],"wp:attachment":[{"href":"https:\/\/elite-capitalgroup.com\/exca\/wp-json\/wp\/v2\/media?parent=2534"}],"curies":[{"name":"wp","href":"https:\/\/api.w.org\/{rel}","templated":true}]}}