{"id":2037,"date":"2019-05-21T09:58:28","date_gmt":"2019-05-21T07:58:28","guid":{"rendered":"http:\/\/wpdemo.archiwp.com\/consultax\/?page_id=2037"},"modified":"2026-05-12T14:26:38","modified_gmt":"2026-05-12T13:26:38","slug":"accueil","status":"publish","type":"page","link":"https:\/\/elite-capitalgroup.com\/exca\/","title":{"rendered":"Accueil"},"content":{"rendered":"<section data-vc-full-width=\"true\" data-vc-full-width-init=\"false\" data-vc-stretch-content=\"true\" class=\"wpb_row vc_row-fluid vc_row-full-width vc_row-no-padding\"><div class=\"vc_row\"><div class=\"wpb_column vc_column_container vc_col-sm-12\"><div class=\"vc_column-inner\"><div class=\"wpb_wrapper\"><div id=\"bvmac\" class=\"vc_row wpb_row vc_inner vc_row-fluid vc_row-o-equal-height vc_row-flex\"><div class=\"title wpb_column vc_column_container vc_col-sm-4\"><div class=\"vc_column-inner\"><div class=\"wpb_wrapper\">\n\t<div class=\"wpb_text_column wpb_content_element \" >\n\t\t<div class=\"wpb_wrapper\">\n\t\t\t<h5 style=\"text-align: left;\">\u00a0COTATION BVMAC AU 11.05.2026<\/h5>\n\n\t\t<\/div>\n\t<\/div>\n<\/div><\/div><\/div><div class=\"bvmacmarquee wpb_column vc_column_container vc_col-sm-8\"><div class=\"vc_column-inner\"><div class=\"wpb_wrapper\">\n\t<div class=\"wpb_text_column wpb_content_element \" >\n\t\t<div class=\"wpb_wrapper\">\n\t\t\t<ul>\n<li><strong>MARCH\u00c9 DES ACTIONS<\/strong><\/li>\n<li><strong>ACTION SEMC <\/strong><strong>:<\/strong> 49 000 FCFA (0,000 %)<\/li>\n<li><strong>ACTION SAFACAM <\/strong><strong>:<\/strong> 33 000 FCFA (0,000%)<\/li>\n<li><strong>ACTION SOCAPALM <\/strong><strong>:<\/strong> 50 000<span class=\"fontstyle0\">\u00a0<\/span>FCFA (0,000%)<\/li>\n<li><strong>ACTION LA R\u00c9GIONALE <\/strong><strong>:<\/strong> 40 000 FCFA (0,000 %)<\/li>\n<li><strong>ACTION BANGE <\/strong><strong>:<\/strong> 228 085 FCFA (0,000 %)<\/li>\n<li><strong>ACTION SCG-R\u00e9 <\/strong><strong>:<\/strong> 21 499 FCFA (0,000 %)<\/li>\n<li><strong>ACTION BGFIHC <\/strong><strong>:<\/strong> 82 000 FCFA (0,000 %)<\/li>\n<li><\/li>\n<li><strong>CAPITALISATION BOURSIERE : 1 687 174 528 600<\/strong><span class=\"fontstyle0\">\u00a0<\/span><strong>FCFA (0,000%)<\/strong><\/li>\n<li><\/li>\n<li id=\"debut\"><strong>MARCH\u00c9 DES OBLIGATIONS<\/strong><\/li>\n<li><em><strong>OBLIGATIONS D\u2019ETATS<\/strong><\/em><\/li>\n<li><strong>EOCG 6,25% NET 2021-2026 <\/strong><strong>:<\/strong> 100,00 % (0,000 %)<\/li>\n<li><strong>EOG 6% NET 2021-2026 <\/strong><strong>:<\/strong> 99,50 % (0,000 %)<\/li>\n<li><strong>ECMR 6,25% NET 2022-2029 <\/strong><strong>:<\/strong> 100,00% (0,000 %)<\/li>\n<li><strong>EOG 6,25% NET 2022-2028 <\/strong><strong>:<\/strong> 100,00 % (0,000 %)<\/li>\n<li><strong>EOTD 6,5% NET 2022-2027 <\/strong><strong>:<\/strong> 100,00 % (0,000 %)<\/li>\n<li><strong>ECMR 5,8% NET 2023-2026 : <\/strong>98,40% (0,000 %)<\/li>\n<li><strong>ECMR 6,00% NET 2023-2027 : <\/strong>100,00% (0,000 %)<\/li>\n<li><strong>ECMR 6,75% NET 2023-2029 : <\/strong>100,00% (0,000 %)<\/li>\n<li><strong>ECMR 7,25% NET 2023-2031 : <\/strong>99,00% (0,000 %)<\/li>\n<li><strong>EOG 6,25% NET 2023-2028: <\/strong>96,00% (0,000 %)<\/li>\n<li><strong>EOG 6,00% NET 2024-2027: <\/strong>100,00% (0,000 %)<\/li>\n<li><strong>EOG 6,50% NET 2024-2029: <\/strong>100,00% (0,000 %)<\/li>\n<li><strong>EOG 7,50% NET 2024-2031: <\/strong>100,00% (0,000 %)<\/li>\n<li><strong>EOG MT 6,60% NET 2024-2027: <\/strong>100,00% (0,000 %)<\/li>\n<li><strong>EOG MT 6,75% NET 2024-2028: <\/strong>100,00% (0,000 %)<\/li>\n<li><strong>EOG MT 7,00% NET 2024-2030: <\/strong>100,00% (0,000 %)<\/li>\n<li><strong>EOG MT 6.60% NET 2024-2027 II:\u00a0<\/strong>97,00% (0,000%)<\/li>\n<li><strong>EOG MT 6.75% NET 2024-2028 II:\u00a0<\/strong>100,00% (0,000%)<\/li>\n<li><strong>EOG MT 7.00% NET 2024-2030 II:\u00a0<\/strong>100,00% (0,000%)<\/li>\n<li><em><strong>OBLIGATIONS REGIONALES<\/strong><\/em><\/li>\n<li><strong>BDEAC 5,45% NET 2020 \u2013 2027 <\/strong><strong>:<\/strong> 100,00 % (0,000 %)<\/li>\n<li><strong>BDEAC 5,6% NET 2021-2028 <\/strong><strong>:<\/strong> 98,50 % (0,000 %)<\/li>\n<li><strong>BDEAC 6,00% NET 2022-2029 <\/strong><strong>:<\/strong> 100,00 % (0,000 %)<\/li>\n<li><strong>BDEAC 6,20% NET 2024-2031 <\/strong><strong>:<\/strong> 100,00 % (0,000 %)<\/li>\n<li><strong>BDEAC 5,95% NET 2024-2029 <\/strong><strong>:<\/strong> 94,96 % (0,000 %)<\/li>\n<li><strong>BDEAC 4,70% NET 2024-2027 <\/strong><strong>:<\/strong> 100,00 % (0,000 %)<\/li>\n<li><em><strong>OBLIGATIONS CORPORATES<\/strong><\/em><\/li>\n<li><strong>ALIOS02 5.40% BRUT 2021-2025 <\/strong><strong>:<\/strong> 100,00 % (0,000 %)<\/li>\n<li><strong>ALIOS01 6.5% BRUT 2023-2028 <\/strong><strong>: <\/strong>100,00 % (0,000 %)<\/li>\n<li><strong>ALIOS02 6.00% BRUT 2023-2026 <\/strong><strong>:<\/strong> 100,00 % (0,000 %)<\/li>\n<li><strong>ENCOURS GLOBAL DE LA DETTE COTEE A LA BVMAC : 1 385 452 189 773 FCFA (0,000%)<\/strong><\/li>\n<\/ul>\n\n\t\t<\/div>\n\t<\/div>\n<\/div><\/div><\/div><\/div><div class=\"wpb_revslider_element wpb_content_element\">\n\t\t\t<!-- START Home 4 REVOLUTION SLIDER 6.5.12 --><p class=\"rs-p-wp-fix\"><\/p>\n\t\t\t<rs-module-wrap id=\"rev_slider_4_1_wrapper\" data-source=\"gallery\" style=\"visibility:hidden;background:transparent;padding:0;margin:0px auto;margin-top:0;margin-bottom:0;\">\n\t\t\t\t<rs-module id=\"rev_slider_4_1\" style=\"\" data-version=\"6.5.12\">\n\t\t\t\t\t<rs-slides>\n\t\t\t\t\t\t<rs-slide style=\"position: absolute;\" data-key=\"rs-9\" data-title=\"Slide\" data-in=\"o:0;\" data-out=\"a:false;\">\n\t\t\t\t\t\t\t<img data-recalc-dims=\"1\" fetchpriority=\"high\" decoding=\"async\" src=\"https:\/\/i0.wp.com\/elite-capitalgroup.com\/exca\/wp-content\/plugins\/revslider\/public\/assets\/assets\/dummy.png?resize=640%2C397\" alt=\"\" title=\"hall EXCA\" width=\"640\" height=\"397\" class=\"rev-slidebg tp-rs-img rs-lazyload\" data-lazyload=\"\/\/elite-capitalgroup.com\/exca\/wp-content\/uploads\/2023\/02\/hall-EXCA.png\" data-no-retina>\n<!--\n\t\t\t\t\t\t\t--><rs-layer\n\t\t\t\t\t\t\t\tid=\"slider-4-slide-9-layer-1\" \n\t\t\t\t\t\t\t\tdata-type=\"text\"\n\t\t\t\t\t\t\t\tdata-rsp_ch=\"on\"\n\t\t\t\t\t\t\t\tdata-xy=\"xo:15px;yo:396px,396px,139px,155px;\"\n\t\t\t\t\t\t\t\tdata-text=\"s:14,14,13,12;l:24,24,24,20;ls:1px;fw:800;a:inherit;\"\n\t\t\t\t\t\t\t\tdata-vbility=\"f,f,f,f\"\n\t\t\t\t\t\t\t\tdata-frame_0=\"y:50px;\"\n\t\t\t\t\t\t\t\tdata-frame_0_mask=\"u:t;\"\n\t\t\t\t\t\t\t\tdata-frame_1=\"st:1000;sp:700;sR:1000;\"\n\t\t\t\t\t\t\t\tdata-frame_1_mask=\"u:t;\"\n\t\t\t\t\t\t\t\tdata-frame_999=\"y:50px;o:0;st:w;sp:800;sR:5300;\"\n\t\t\t\t\t\t\t\tdata-frame_999_mask=\"u:t;\"\n\t\t\t\t\t\t\t\tstyle=\"z-index:5;font-family:'Montserrat';\"\n\t\t\t\t\t\t\t>ELITE CAPITAL SECURITIES CENTRAL AFRICA \n\t\t\t\t\t\t\t<\/rs-layer><!--\n\n\t\t\t\t\t\t\t--><rs-layer\n\t\t\t\t\t\t\t\tid=\"slider-4-slide-9-layer-3\" \n\t\t\t\t\t\t\t\tdata-type=\"text\"\n\t\t\t\t\t\t\t\tdata-rsp_ch=\"on\"\n\t\t\t\t\t\t\t\tdata-xy=\"xo:15px,15px,14px,14px;yo:580px,580px,422px,428px;\"\n\t\t\t\t\t\t\t\tdata-text=\"w:normal;s:40,40,27,20;l:56,56,28,25;fw:700,700,800,800;a:inherit;\"\n\t\t\t\t\t\t\t\tdata-dim=\"w:1056px,1056px,470px,392px;h:145px,145px,auto,auto;\"\n\t\t\t\t\t\t\t\tdata-frame_0=\"y:62px,62px,41px,29px;\"\n\t\t\t\t\t\t\t\tdata-frame_0_mask=\"u:t;\"\n\t\t\t\t\t\t\t\tdata-frame_1=\"e:power4.inOut;st:1500;sp:700;sR:1500;\"\n\t\t\t\t\t\t\t\tdata-frame_1_mask=\"u:t;\"\n\t\t\t\t\t\t\t\tdata-frame_999=\"x:0px;y:62px,62px,41px,29px;o:0;st:w;sp:800;sR:4800;\"\n\t\t\t\t\t\t\t\tdata-frame_999_mask=\"u:t;\"\n\t\t\t\t\t\t\t\tstyle=\"z-index:6;font-family:'Open Sans';\"\n\t\t\t\t\t\t\t>Au c\u0153ur de vos investissements <br \/>et de vos financements \n\t\t\t\t\t\t\t<\/rs-layer><!--\n\n\t\t\t\t\t\t\t--><rs-layer\n\t\t\t\t\t\t\t\tid=\"slider-4-slide-9-layer-6\" \n\t\t\t\t\t\t\t\tclass=\"rev-btn\"\n\t\t\t\t\t\t\t\tdata-type=\"button\"\n\t\t\t\t\t\t\t\tdata-color=\"#02162e||#02162e||#000000||#000000\"\n\t\t\t\t\t\t\t\tdata-xy=\"xo:14px,14px,15px,14px;yo:582px,582px,312px,308px;\"\n\t\t\t\t\t\t\t\tdata-text=\"s:12,12,12,10;l:24,24,24,22;ls:0px,0px,0,0;fw:800,800,800,700;a:inherit;\"\n\t\t\t\t\t\t\t\tdata-vbility=\"f,f,f,f\"\n\t\t\t\t\t\t\t\tdata-actions='o:click;a:simplelink;target:_self;url:https:\/\/elite-capitalgroup.com\/exca\/qui-sommes-nous\/;'\n\t\t\t\t\t\t\t\tdata-rsp_bd=\"off\"\n\t\t\t\t\t\t\t\tdata-padding=\"t:13,13,10,6;r:38,38,30,18;b:13,13,10,6;l:38,38,30,18;\"\n\t\t\t\t\t\t\t\tdata-border=\"bor:2px,2px,2px,2px;\"\n\t\t\t\t\t\t\t\tdata-frame_0=\"y:50px;\"\n\t\t\t\t\t\t\t\tdata-frame_0_mask=\"u:t;\"\n\t\t\t\t\t\t\t\tdata-frame_1=\"e:power4.inOut;st:2000;sp:700;sR:2000;\"\n\t\t\t\t\t\t\t\tdata-frame_1_mask=\"u:t;\"\n\t\t\t\t\t\t\t\tdata-frame_999=\"x:0px;y:100%;o:0;st:w;sp:800;sR:4300;\"\n\t\t\t\t\t\t\t\tdata-frame_999_mask=\"u:t;\"\n\t\t\t\t\t\t\t\tdata-frame_hover=\"c:#fff;bgc:#d0202b;boc:transparent;bor:3px,3px,3px,3px;bos:solid;oX:50;oY:50;sp:0;e:none;\"\n\t\t\t\t\t\t\t\tstyle=\"z-index:7;background-color:#ffffff;font-family:'Montserrat';cursor:pointer;outline:none;box-shadow:none;box-sizing:border-box;-moz-box-sizing:border-box;-webkit-box-sizing:border-box;\"\n\t\t\t\t\t\t\t>EN SAVOIR PLUS \n\t\t\t\t\t\t\t<\/rs-layer><!--\n-->\t\t\t\t\t\t<\/rs-slide>\n\t\t\t\t\t<\/rs-slides>\n\t\t\t\t<\/rs-module>\n\t\t\t\t<script>\n\t\t\t\t\tsetREVStartSize({c: 'rev_slider_4_1',rl:[1240,1240,778,480],el:[700,700,500,500],gw:[1200,1200,750,480],gh:[700,700,500,500],type:'standard',justify:'',layout:'fullwidth',mh:\"0\"});if (window.RS_MODULES!==undefined && window.RS_MODULES.modules!==undefined && window.RS_MODULES.modules[\"revslider41\"]!==undefined) {window.RS_MODULES.modules[\"revslider41\"].once = false;window.revapi4 = undefined;if (window.RS_MODULES.checkMinimal!==undefined) window.RS_MODULES.checkMinimal()}\n\t\t\t\t<\/script>\n\t\t\t<\/rs-module-wrap>\n\t\t\t<!-- END REVOLUTION SLIDER -->\n<\/div><\/div><\/div><\/div><\/div><\/section><div class=\"vc_row-full-width vc_clearfix\"><\/div>\n","protected":false},"excerpt":{"rendered":"\u00a0COTATION BVMAC AU 11.05.2026 MARCH\u00c9 DES ACTIONS ACTION SEMC : 49 000 FCFA (0,000 %) ACTION SAFACAM : 33 000 FCFA (0,000%) ACTION SOCAPALM : 50 000\u00a0FCFA (0,000%) ACTION LA R\u00c9GIONALE : 40 000 FCFA (0,000 %) ACTION BANGE : 228 085 FCFA (0,000 %) ACTION SCG-R\u00e9 : 21 499 FCFA (0,000 %) ACTION BGFIHC [...]","protected":false},"author":2,"featured_media":0,"parent":0,"menu_order":0,"comment_status":"closed","ping_status":"closed","template":"","meta":{"footnotes":""},"class_list":["post-2037","page","type-page","status-publish","hentry"],"yoast_head":"<!-- This site is optimized with the Yoast SEO plugin v27.6 - https:\/\/yoast.com\/product\/yoast-seo-wordpress\/ -->\n<title>Accueil - ELITE CAPITAL SECURITIES CENTRAL AFRICA<\/title>\n<meta name=\"robots\" content=\"index, follow, max-snippet:-1, max-image-preview:large, max-video-preview:-1\" \/>\n<link rel=\"canonical\" href=\"https:\/\/elite-capitalgroup.com\/exca\/\" \/>\n<meta property=\"og:locale\" content=\"fr_FR\" \/>\n<meta property=\"og:type\" content=\"article\" \/>\n<meta property=\"og:title\" content=\"Accueil - ELITE CAPITAL SECURITIES CENTRAL AFRICA\" \/>\n<meta property=\"og:url\" content=\"https:\/\/elite-capitalgroup.com\/exca\/\" \/>\n<meta property=\"og:site_name\" content=\"ELITE CAPITAL SECURITIES CENTRAL AFRICA\" \/>\n<meta property=\"article:publisher\" content=\"https:\/\/www.facebook.com\/elitecapitalsecurities\/\" \/>\n<meta property=\"article:modified_time\" content=\"2026-05-12T13:26:38+00:00\" \/>\n<meta name=\"twitter:card\" content=\"summary_large_image\" \/>\n<meta name=\"twitter:label1\" content=\"Dur\u00e9e de lecture estim\u00e9e\" \/>\n\t<meta name=\"twitter:data1\" content=\"2 minutes\" \/>\n<script type=\"application\/ld+json\" class=\"yoast-schema-graph\">{\"@context\":\"https:\\\/\\\/schema.org\",\"@graph\":[{\"@type\":\"WebPage\",\"@id\":\"https:\\\/\\\/elite-capitalgroup.com\\\/exca\\\/\",\"url\":\"https:\\\/\\\/elite-capitalgroup.com\\\/exca\\\/\",\"name\":\"Accueil - ELITE CAPITAL SECURITIES CENTRAL AFRICA\",\"isPartOf\":{\"@id\":\"https:\\\/\\\/elite-capitalgroup.com\\\/exca\\\/#website\"},\"datePublished\":\"2019-05-21T07:58:28+00:00\",\"dateModified\":\"2026-05-12T13:26:38+00:00\",\"breadcrumb\":{\"@id\":\"https:\\\/\\\/elite-capitalgroup.com\\\/exca\\\/#breadcrumb\"},\"inLanguage\":\"fr-FR\",\"potentialAction\":[{\"@type\":\"ReadAction\",\"target\":[\"https:\\\/\\\/elite-capitalgroup.com\\\/exca\\\/\"]}]},{\"@type\":\"BreadcrumbList\",\"@id\":\"https:\\\/\\\/elite-capitalgroup.com\\\/exca\\\/#breadcrumb\",\"itemListElement\":[{\"@type\":\"ListItem\",\"position\":1,\"name\":\"Accueil\",\"item\":\"https:\\\/\\\/elite-capitalgroup.com\\\/exca\\\/\"},{\"@type\":\"ListItem\",\"position\":2,\"name\":\"Accueil\"}]},{\"@type\":\"WebSite\",\"@id\":\"https:\\\/\\\/elite-capitalgroup.com\\\/exca\\\/#website\",\"url\":\"https:\\\/\\\/elite-capitalgroup.com\\\/exca\\\/\",\"name\":\"ELITE CAPITAL SECURITIES CENTRAL AFRICA\",\"description\":\"Partenaire privil\u00e9gi\u00e9 des \u00e9metteurs et investisseurs en zone CEMAC\",\"publisher\":{\"@id\":\"https:\\\/\\\/elite-capitalgroup.com\\\/exca\\\/#organization\"},\"potentialAction\":[{\"@type\":\"SearchAction\",\"target\":{\"@type\":\"EntryPoint\",\"urlTemplate\":\"https:\\\/\\\/elite-capitalgroup.com\\\/exca\\\/?s={search_term_string}\"},\"query-input\":{\"@type\":\"PropertyValueSpecification\",\"valueRequired\":true,\"valueName\":\"search_term_string\"}}],\"inLanguage\":\"fr-FR\"},{\"@type\":\"Organization\",\"@id\":\"https:\\\/\\\/elite-capitalgroup.com\\\/exca\\\/#organization\",\"name\":\"ELITE CAPITAL SECURITIES CENTRAL AFRICA\",\"url\":\"https:\\\/\\\/elite-capitalgroup.com\\\/exca\\\/\",\"logo\":{\"@type\":\"ImageObject\",\"inLanguage\":\"fr-FR\",\"@id\":\"https:\\\/\\\/elite-capitalgroup.com\\\/exca\\\/#\\\/schema\\\/logo\\\/image\\\/\",\"url\":\"https:\\\/\\\/i0.wp.com\\\/elite-capitalsecurities.com\\\/wp-content\\\/uploads\\\/2022\\\/01\\\/logo-baseline.png?fit=220%2C51&ssl=1\",\"contentUrl\":\"https:\\\/\\\/i0.wp.com\\\/elite-capitalsecurities.com\\\/wp-content\\\/uploads\\\/2022\\\/01\\\/logo-baseline.png?fit=220%2C51&ssl=1\",\"width\":220,\"height\":51,\"caption\":\"ELITE CAPITAL SECURITIES CENTRAL AFRICA\"},\"image\":{\"@id\":\"https:\\\/\\\/elite-capitalgroup.com\\\/exca\\\/#\\\/schema\\\/logo\\\/image\\\/\"},\"sameAs\":[\"https:\\\/\\\/www.facebook.com\\\/elitecapitalsecurities\\\/\",\"https:\\\/\\\/www.linkedin.com\\\/company\\\/elite-capital-securities-central-africa\\\/\"]}]}<\/script>\n<!-- \/ Yoast SEO plugin. -->","yoast_head_json":{"title":"Accueil - ELITE CAPITAL SECURITIES CENTRAL AFRICA","robots":{"index":"index","follow":"follow","max-snippet":"max-snippet:-1","max-image-preview":"max-image-preview:large","max-video-preview":"max-video-preview:-1"},"canonical":"https:\/\/elite-capitalgroup.com\/exca\/","og_locale":"fr_FR","og_type":"article","og_title":"Accueil - ELITE CAPITAL SECURITIES CENTRAL AFRICA","og_url":"https:\/\/elite-capitalgroup.com\/exca\/","og_site_name":"ELITE CAPITAL SECURITIES CENTRAL AFRICA","article_publisher":"https:\/\/www.facebook.com\/elitecapitalsecurities\/","article_modified_time":"2026-05-12T13:26:38+00:00","twitter_card":"summary_large_image","twitter_misc":{"Dur\u00e9e de lecture estim\u00e9e":"2 minutes"},"schema":{"@context":"https:\/\/schema.org","@graph":[{"@type":"WebPage","@id":"https:\/\/elite-capitalgroup.com\/exca\/","url":"https:\/\/elite-capitalgroup.com\/exca\/","name":"Accueil - ELITE CAPITAL SECURITIES CENTRAL AFRICA","isPartOf":{"@id":"https:\/\/elite-capitalgroup.com\/exca\/#website"},"datePublished":"2019-05-21T07:58:28+00:00","dateModified":"2026-05-12T13:26:38+00:00","breadcrumb":{"@id":"https:\/\/elite-capitalgroup.com\/exca\/#breadcrumb"},"inLanguage":"fr-FR","potentialAction":[{"@type":"ReadAction","target":["https:\/\/elite-capitalgroup.com\/exca\/"]}]},{"@type":"BreadcrumbList","@id":"https:\/\/elite-capitalgroup.com\/exca\/#breadcrumb","itemListElement":[{"@type":"ListItem","position":1,"name":"Accueil","item":"https:\/\/elite-capitalgroup.com\/exca\/"},{"@type":"ListItem","position":2,"name":"Accueil"}]},{"@type":"WebSite","@id":"https:\/\/elite-capitalgroup.com\/exca\/#website","url":"https:\/\/elite-capitalgroup.com\/exca\/","name":"ELITE CAPITAL SECURITIES CENTRAL AFRICA","description":"Partenaire privil\u00e9gi\u00e9 des \u00e9metteurs et investisseurs en zone CEMAC","publisher":{"@id":"https:\/\/elite-capitalgroup.com\/exca\/#organization"},"potentialAction":[{"@type":"SearchAction","target":{"@type":"EntryPoint","urlTemplate":"https:\/\/elite-capitalgroup.com\/exca\/?s={search_term_string}"},"query-input":{"@type":"PropertyValueSpecification","valueRequired":true,"valueName":"search_term_string"}}],"inLanguage":"fr-FR"},{"@type":"Organization","@id":"https:\/\/elite-capitalgroup.com\/exca\/#organization","name":"ELITE CAPITAL SECURITIES CENTRAL AFRICA","url":"https:\/\/elite-capitalgroup.com\/exca\/","logo":{"@type":"ImageObject","inLanguage":"fr-FR","@id":"https:\/\/elite-capitalgroup.com\/exca\/#\/schema\/logo\/image\/","url":"https:\/\/i0.wp.com\/elite-capitalsecurities.com\/wp-content\/uploads\/2022\/01\/logo-baseline.png?fit=220%2C51&ssl=1","contentUrl":"https:\/\/i0.wp.com\/elite-capitalsecurities.com\/wp-content\/uploads\/2022\/01\/logo-baseline.png?fit=220%2C51&ssl=1","width":220,"height":51,"caption":"ELITE CAPITAL SECURITIES CENTRAL AFRICA"},"image":{"@id":"https:\/\/elite-capitalgroup.com\/exca\/#\/schema\/logo\/image\/"},"sameAs":["https:\/\/www.facebook.com\/elitecapitalsecurities\/","https:\/\/www.linkedin.com\/company\/elite-capital-securities-central-africa\/"]}]}},"_links":{"self":[{"href":"https:\/\/elite-capitalgroup.com\/exca\/wp-json\/wp\/v2\/pages\/2037","targetHints":{"allow":["GET"]}}],"collection":[{"href":"https:\/\/elite-capitalgroup.com\/exca\/wp-json\/wp\/v2\/pages"}],"about":[{"href":"https:\/\/elite-capitalgroup.com\/exca\/wp-json\/wp\/v2\/types\/page"}],"author":[{"embeddable":true,"href":"https:\/\/elite-capitalgroup.com\/exca\/wp-json\/wp\/v2\/users\/2"}],"replies":[{"embeddable":true,"href":"https:\/\/elite-capitalgroup.com\/exca\/wp-json\/wp\/v2\/comments?post=2037"}],"version-history":[{"count":108,"href":"https:\/\/elite-capitalgroup.com\/exca\/wp-json\/wp\/v2\/pages\/2037\/revisions"}],"predecessor-version":[{"id":2878,"href":"https:\/\/elite-capitalgroup.com\/exca\/wp-json\/wp\/v2\/pages\/2037\/revisions\/2878"}],"wp:attachment":[{"href":"https:\/\/elite-capitalgroup.com\/exca\/wp-json\/wp\/v2\/media?parent=2037"}],"curies":[{"name":"wp","href":"https:\/\/api.w.org\/{rel}","templated":true}]}}