{"id":1026,"date":"2019-03-18T08:33:54","date_gmt":"2019-03-18T07:33:54","guid":{"rendered":"http:\/\/localhost\/consultax\/?page_id=1026"},"modified":"2023-02-02T11:21:15","modified_gmt":"2023-02-02T10:21:15","slug":"qui-sommes-nous","status":"publish","type":"page","link":"https:\/\/elite-capitalgroup.com\/exca\/qui-sommes-nous\/","title":{"rendered":"Qui sommes-nous"},"content":{"rendered":"<section class=\"wpb_row vc_row-fluid section-padd\"><div class=\"container\"><div class=\"vc_row\"><div class=\"wpb_column vc_column_container vc_col-sm-12\"><div class=\"vc_column-inner\"><div class=\"wpb_wrapper\">\n    <div class=\"section-head \">\n                    <h6><span>PRESENTATION<\/span><\/h6>\n                <h2 class=\"section-title\">Qui sommes-nous ?<\/h2>\n            <\/div>\n\n\n\t<div class=\"wpb_text_column wpb_content_element  vc_custom_1643795769670\" >\n\t\t<div class=\"wpb_wrapper\">\n\t\t\t<p>ELITE CAPITAL SECURITIES CENTRAL AFRICA S.A. (EXCA) est une soci\u00e9t\u00e9 de bourse agr\u00e9\u00e9e par la Commission de Surveillance des March\u00e9s Financiers (<a class=\"pagelink\" href=\"https:\/\/www.cosumaf.org\/\" target=\"_tab\" rel=\"noopener\">COSUMAF<\/a>) sous la r\u00e9f\u00e9rence COSUMAF-SDB-05\/2021.<\/p>\n\n\t\t<\/div>\n\t<\/div>\n<div class=\"vc_empty_space\"   style=\"height: 30px\"><span class=\"vc_empty_space_inner\"><\/span><\/div>\n    <div class=\"section-head \">\n                    <h6><span>Ce qui nous distingue<\/span><\/h6>\n                <h2 class=\"section-title\">Notre vision<\/h2>\n            <\/div>\n\n\n\t<div class=\"wpb_text_column wpb_content_element \" >\n\t\t<div class=\"wpb_wrapper\">\n\t\t\t<p>EXCA\u00a0compte s\u2019affirmer comme l\u2019une des principales Institutions de financement du d\u00e9veloppement \u00e9conomique dans la zone CEMAC et devenir un animateur de r\u00e9f\u00e9rence du march\u00e9 financier sous r\u00e9gional.<\/p>\n\n\t\t<\/div>\n\t<\/div>\n<div class=\"vc_empty_space\"   style=\"height: 30px\"><span class=\"vc_empty_space_inner\"><\/span><\/div>\n    <div class=\"section-head \">\n                    <h6><span>Ce qui nous motive<\/span><\/h6>\n                <h2 class=\"section-title\">Notre client\u00e8le<\/h2>\n            <\/div>\n\n\n\t<div class=\"wpb_text_column wpb_content_element \" >\n\t\t<div class=\"wpb_wrapper\">\n\t\t\t<p>Nous ciblons principalement les Etats de la CEMAC, les institutions, les entreprises publiques et priv\u00e9es et les personnes physiques.<\/p>\n\n\t\t<\/div>\n\t<\/div>\n<\/div><\/div><\/div><\/div><\/div><\/section><section data-vc-full-width=\"true\" data-vc-full-width-init=\"false\" class=\"wpb_row vc_row-fluid vc_custom_1670284545118 vc_row-has-fill vc_row-full-width vc_row-o-equal-height vc_row-flex\"><div class=\"vc_row\"><div class=\"wpb_column vc_column_container vc_col-sm-12\"><div class=\"vc_column-inner vc_custom_1642893093145\"><div class=\"wpb_wrapper\">\n    <div class=\"image-carousel \" data-show=\"1\" data-arrow=\"true\">\n                <div>\n            <div class=\"img-item\">\n                <img fetchpriority=\"high\" decoding=\"async\" width=\"2560\" height=\"1794\" src=\"https:\/\/i0.wp.com\/elite-capitalgroup.com\/exca\/wp-content\/uploads\/2022\/01\/28-scaled.jpg?fit=2560%2C1794&ssl=1\" class=\"attachment-full size-full\" alt=\"\" srcset=\"https:\/\/i0.wp.com\/elite-capitalgroup.com\/exca\/wp-content\/uploads\/2022\/01\/28-scaled.jpg?w=2560&ssl=1 2560w, https:\/\/i0.wp.com\/elite-capitalgroup.com\/exca\/wp-content\/uploads\/2022\/01\/28-scaled.jpg?resize=300%2C210&ssl=1 300w, https:\/\/i0.wp.com\/elite-capitalgroup.com\/exca\/wp-content\/uploads\/2022\/01\/28-scaled.jpg?resize=1024%2C718&ssl=1 1024w, https:\/\/i0.wp.com\/elite-capitalgroup.com\/exca\/wp-content\/uploads\/2022\/01\/28-scaled.jpg?resize=768%2C538&ssl=1 768w, https:\/\/i0.wp.com\/elite-capitalgroup.com\/exca\/wp-content\/uploads\/2022\/01\/28-scaled.jpg?resize=1536%2C1077&ssl=1 1536w, https:\/\/i0.wp.com\/elite-capitalgroup.com\/exca\/wp-content\/uploads\/2022\/01\/28-scaled.jpg?resize=2048%2C1435&ssl=1 2048w, https:\/\/i0.wp.com\/elite-capitalgroup.com\/exca\/wp-content\/uploads\/2022\/01\/28-scaled.jpg?w=1280&ssl=1 1280w, https:\/\/i0.wp.com\/elite-capitalgroup.com\/exca\/wp-content\/uploads\/2022\/01\/28-scaled.jpg?w=1920&ssl=1 1920w\" sizes=\"(max-width: 640px) 100vw, 640px\" \/>            <\/div>\n        <\/div>\n                <div>\n            <div class=\"img-item\">\n                <img decoding=\"async\" width=\"2560\" height=\"1864\" src=\"https:\/\/i0.wp.com\/elite-capitalgroup.com\/exca\/wp-content\/uploads\/2022\/01\/29-scaled.jpg?fit=2560%2C1864&ssl=1\" class=\"attachment-full size-full\" alt=\"\" srcset=\"https:\/\/i0.wp.com\/elite-capitalgroup.com\/exca\/wp-content\/uploads\/2022\/01\/29-scaled.jpg?w=2560&ssl=1 2560w, https:\/\/i0.wp.com\/elite-capitalgroup.com\/exca\/wp-content\/uploads\/2022\/01\/29-scaled.jpg?resize=300%2C218&ssl=1 300w, https:\/\/i0.wp.com\/elite-capitalgroup.com\/exca\/wp-content\/uploads\/2022\/01\/29-scaled.jpg?resize=1024%2C746&ssl=1 1024w, https:\/\/i0.wp.com\/elite-capitalgroup.com\/exca\/wp-content\/uploads\/2022\/01\/29-scaled.jpg?resize=768%2C559&ssl=1 768w, https:\/\/i0.wp.com\/elite-capitalgroup.com\/exca\/wp-content\/uploads\/2022\/01\/29-scaled.jpg?resize=1536%2C1119&ssl=1 1536w, https:\/\/i0.wp.com\/elite-capitalgroup.com\/exca\/wp-content\/uploads\/2022\/01\/29-scaled.jpg?resize=2048%2C1492&ssl=1 2048w, https:\/\/i0.wp.com\/elite-capitalgroup.com\/exca\/wp-content\/uploads\/2022\/01\/29-scaled.jpg?w=1280&ssl=1 1280w, https:\/\/i0.wp.com\/elite-capitalgroup.com\/exca\/wp-content\/uploads\/2022\/01\/29-scaled.jpg?w=1920&ssl=1 1920w\" sizes=\"(max-width: 640px) 100vw, 640px\" \/>            <\/div>\n        <\/div>\n                <div>\n            <div class=\"img-item\">\n                <img decoding=\"async\" width=\"2560\" height=\"1709\" src=\"https:\/\/i0.wp.com\/elite-capitalgroup.com\/exca\/wp-content\/uploads\/2022\/01\/26-scaled.jpg?fit=2560%2C1709&ssl=1\" class=\"attachment-full size-full\" alt=\"\" srcset=\"https:\/\/i0.wp.com\/elite-capitalgroup.com\/exca\/wp-content\/uploads\/2022\/01\/26-scaled.jpg?w=2560&ssl=1 2560w, https:\/\/i0.wp.com\/elite-capitalgroup.com\/exca\/wp-content\/uploads\/2022\/01\/26-scaled.jpg?resize=300%2C200&ssl=1 300w, https:\/\/i0.wp.com\/elite-capitalgroup.com\/exca\/wp-content\/uploads\/2022\/01\/26-scaled.jpg?resize=1024%2C684&ssl=1 1024w, https:\/\/i0.wp.com\/elite-capitalgroup.com\/exca\/wp-content\/uploads\/2022\/01\/26-scaled.jpg?resize=768%2C513&ssl=1 768w, https:\/\/i0.wp.com\/elite-capitalgroup.com\/exca\/wp-content\/uploads\/2022\/01\/26-scaled.jpg?resize=1536%2C1025&ssl=1 1536w, https:\/\/i0.wp.com\/elite-capitalgroup.com\/exca\/wp-content\/uploads\/2022\/01\/26-scaled.jpg?resize=2048%2C1367&ssl=1 2048w, https:\/\/i0.wp.com\/elite-capitalgroup.com\/exca\/wp-content\/uploads\/2022\/01\/26-scaled.jpg?w=1280&ssl=1 1280w, https:\/\/i0.wp.com\/elite-capitalgroup.com\/exca\/wp-content\/uploads\/2022\/01\/26-scaled.jpg?w=1920&ssl=1 1920w\" sizes=\"(max-width: 640px) 100vw, 640px\" \/>            <\/div>\n        <\/div>\n                <div>\n            <div class=\"img-item\">\n                <img loading=\"lazy\" decoding=\"async\" width=\"2560\" height=\"1691\" src=\"https:\/\/i0.wp.com\/elite-capitalgroup.com\/exca\/wp-content\/uploads\/2022\/01\/7-scaled.jpg?fit=2560%2C1691&ssl=1\" class=\"attachment-full size-full\" alt=\"\" srcset=\"https:\/\/i0.wp.com\/elite-capitalgroup.com\/exca\/wp-content\/uploads\/2022\/01\/7-scaled.jpg?w=2560&ssl=1 2560w, https:\/\/i0.wp.com\/elite-capitalgroup.com\/exca\/wp-content\/uploads\/2022\/01\/7-scaled.jpg?resize=300%2C198&ssl=1 300w, https:\/\/i0.wp.com\/elite-capitalgroup.com\/exca\/wp-content\/uploads\/2022\/01\/7-scaled.jpg?resize=1024%2C676&ssl=1 1024w, https:\/\/i0.wp.com\/elite-capitalgroup.com\/exca\/wp-content\/uploads\/2022\/01\/7-scaled.jpg?resize=768%2C507&ssl=1 768w, https:\/\/i0.wp.com\/elite-capitalgroup.com\/exca\/wp-content\/uploads\/2022\/01\/7-scaled.jpg?resize=1536%2C1014&ssl=1 1536w, https:\/\/i0.wp.com\/elite-capitalgroup.com\/exca\/wp-content\/uploads\/2022\/01\/7-scaled.jpg?resize=2048%2C1352&ssl=1 2048w, https:\/\/i0.wp.com\/elite-capitalgroup.com\/exca\/wp-content\/uploads\/2022\/01\/7-scaled.jpg?w=1280&ssl=1 1280w, https:\/\/i0.wp.com\/elite-capitalgroup.com\/exca\/wp-content\/uploads\/2022\/01\/7-scaled.jpg?w=1920&ssl=1 1920w\" sizes=\"(max-width: 640px) 100vw, 640px\" \/>            <\/div>\n        <\/div>\n            <\/div>\n\n    <\/div><\/div><\/div><\/div><\/section><div class=\"vc_row-full-width vc_clearfix\"><\/div>\n","protected":false},"excerpt":{"rendered":"PRESENTATION Qui sommes-nous ? ELITE CAPITAL SECURITIES CENTRAL AFRICA S.A. (EXCA) est une soci\u00e9t\u00e9 de bourse agr\u00e9\u00e9e par la Commission de Surveillance des March\u00e9s Financiers (COSUMAF) sous la r\u00e9f\u00e9rence COSUMAF-SDB-05\/2021. Ce qui nous distingue Notre vision EXCA\u00a0compte s\u2019affirmer comme l\u2019une des principales Institutions de financement du d\u00e9veloppement \u00e9conomique dans la zone CEMAC et devenir un [...]","protected":false},"author":2,"featured_media":0,"parent":0,"menu_order":0,"comment_status":"closed","ping_status":"closed","template":"","meta":{"footnotes":""},"class_list":["post-1026","page","type-page","status-publish","hentry"],"yoast_head":"<!-- This site is optimized with the Yoast SEO plugin v27.6 - https:\/\/yoast.com\/product\/yoast-seo-wordpress\/ -->\n<title>Qui sommes-nous - ELITE CAPITAL SECURITIES CENTRAL AFRICA<\/title>\n<meta name=\"robots\" content=\"index, follow, max-snippet:-1, max-image-preview:large, max-video-preview:-1\" \/>\n<link rel=\"canonical\" href=\"https:\/\/elite-capitalgroup.com\/exca\/qui-sommes-nous\/\" \/>\n<meta property=\"og:locale\" content=\"fr_FR\" \/>\n<meta property=\"og:type\" content=\"article\" \/>\n<meta property=\"og:title\" content=\"Qui sommes-nous - ELITE CAPITAL SECURITIES CENTRAL AFRICA\" \/>\n<meta property=\"og:url\" content=\"https:\/\/elite-capitalgroup.com\/exca\/qui-sommes-nous\/\" \/>\n<meta property=\"og:site_name\" content=\"ELITE CAPITAL SECURITIES CENTRAL AFRICA\" \/>\n<meta property=\"article:publisher\" content=\"https:\/\/www.facebook.com\/elitecapitalsecurities\/\" \/>\n<meta property=\"article:modified_time\" content=\"2023-02-02T10:21:15+00:00\" \/>\n<meta name=\"twitter:card\" content=\"summary_large_image\" \/>\n<meta name=\"twitter:label1\" content=\"Dur\u00e9e de lecture estim\u00e9e\" \/>\n\t<meta name=\"twitter:data1\" content=\"1 minute\" \/>\n<script type=\"application\/ld+json\" class=\"yoast-schema-graph\">{\"@context\":\"https:\\\/\\\/schema.org\",\"@graph\":[{\"@type\":\"WebPage\",\"@id\":\"https:\\\/\\\/elite-capitalgroup.com\\\/exca\\\/qui-sommes-nous\\\/\",\"url\":\"https:\\\/\\\/elite-capitalgroup.com\\\/exca\\\/qui-sommes-nous\\\/\",\"name\":\"Qui sommes-nous - ELITE CAPITAL SECURITIES CENTRAL AFRICA\",\"isPartOf\":{\"@id\":\"https:\\\/\\\/elite-capitalgroup.com\\\/exca\\\/#website\"},\"datePublished\":\"2019-03-18T07:33:54+00:00\",\"dateModified\":\"2023-02-02T10:21:15+00:00\",\"breadcrumb\":{\"@id\":\"https:\\\/\\\/elite-capitalgroup.com\\\/exca\\\/qui-sommes-nous\\\/#breadcrumb\"},\"inLanguage\":\"fr-FR\",\"potentialAction\":[{\"@type\":\"ReadAction\",\"target\":[\"https:\\\/\\\/elite-capitalgroup.com\\\/exca\\\/qui-sommes-nous\\\/\"]}]},{\"@type\":\"BreadcrumbList\",\"@id\":\"https:\\\/\\\/elite-capitalgroup.com\\\/exca\\\/qui-sommes-nous\\\/#breadcrumb\",\"itemListElement\":[{\"@type\":\"ListItem\",\"position\":1,\"name\":\"Accueil\",\"item\":\"https:\\\/\\\/elite-capitalgroup.com\\\/exca\\\/\"},{\"@type\":\"ListItem\",\"position\":2,\"name\":\"Qui sommes-nous\"}]},{\"@type\":\"WebSite\",\"@id\":\"https:\\\/\\\/elite-capitalgroup.com\\\/exca\\\/#website\",\"url\":\"https:\\\/\\\/elite-capitalgroup.com\\\/exca\\\/\",\"name\":\"ELITE CAPITAL SECURITIES CENTRAL AFRICA\",\"description\":\"Partenaire privil\u00e9gi\u00e9 des \u00e9metteurs et investisseurs en zone CEMAC\",\"publisher\":{\"@id\":\"https:\\\/\\\/elite-capitalgroup.com\\\/exca\\\/#organization\"},\"potentialAction\":[{\"@type\":\"SearchAction\",\"target\":{\"@type\":\"EntryPoint\",\"urlTemplate\":\"https:\\\/\\\/elite-capitalgroup.com\\\/exca\\\/?s={search_term_string}\"},\"query-input\":{\"@type\":\"PropertyValueSpecification\",\"valueRequired\":true,\"valueName\":\"search_term_string\"}}],\"inLanguage\":\"fr-FR\"},{\"@type\":\"Organization\",\"@id\":\"https:\\\/\\\/elite-capitalgroup.com\\\/exca\\\/#organization\",\"name\":\"ELITE CAPITAL SECURITIES CENTRAL AFRICA\",\"url\":\"https:\\\/\\\/elite-capitalgroup.com\\\/exca\\\/\",\"logo\":{\"@type\":\"ImageObject\",\"inLanguage\":\"fr-FR\",\"@id\":\"https:\\\/\\\/elite-capitalgroup.com\\\/exca\\\/#\\\/schema\\\/logo\\\/image\\\/\",\"url\":\"https:\\\/\\\/i0.wp.com\\\/elite-capitalsecurities.com\\\/wp-content\\\/uploads\\\/2022\\\/01\\\/logo-baseline.png?fit=220%2C51&ssl=1\",\"contentUrl\":\"https:\\\/\\\/i0.wp.com\\\/elite-capitalsecurities.com\\\/wp-content\\\/uploads\\\/2022\\\/01\\\/logo-baseline.png?fit=220%2C51&ssl=1\",\"width\":220,\"height\":51,\"caption\":\"ELITE CAPITAL SECURITIES CENTRAL AFRICA\"},\"image\":{\"@id\":\"https:\\\/\\\/elite-capitalgroup.com\\\/exca\\\/#\\\/schema\\\/logo\\\/image\\\/\"},\"sameAs\":[\"https:\\\/\\\/www.facebook.com\\\/elitecapitalsecurities\\\/\",\"https:\\\/\\\/www.linkedin.com\\\/company\\\/elite-capital-securities-central-africa\\\/\"]}]}<\/script>\n<!-- \/ Yoast SEO plugin. -->","yoast_head_json":{"title":"Qui sommes-nous - ELITE CAPITAL SECURITIES CENTRAL AFRICA","robots":{"index":"index","follow":"follow","max-snippet":"max-snippet:-1","max-image-preview":"max-image-preview:large","max-video-preview":"max-video-preview:-1"},"canonical":"https:\/\/elite-capitalgroup.com\/exca\/qui-sommes-nous\/","og_locale":"fr_FR","og_type":"article","og_title":"Qui sommes-nous - ELITE CAPITAL SECURITIES CENTRAL AFRICA","og_url":"https:\/\/elite-capitalgroup.com\/exca\/qui-sommes-nous\/","og_site_name":"ELITE CAPITAL SECURITIES CENTRAL AFRICA","article_publisher":"https:\/\/www.facebook.com\/elitecapitalsecurities\/","article_modified_time":"2023-02-02T10:21:15+00:00","twitter_card":"summary_large_image","twitter_misc":{"Dur\u00e9e de lecture estim\u00e9e":"1 minute"},"schema":{"@context":"https:\/\/schema.org","@graph":[{"@type":"WebPage","@id":"https:\/\/elite-capitalgroup.com\/exca\/qui-sommes-nous\/","url":"https:\/\/elite-capitalgroup.com\/exca\/qui-sommes-nous\/","name":"Qui sommes-nous - ELITE CAPITAL SECURITIES CENTRAL AFRICA","isPartOf":{"@id":"https:\/\/elite-capitalgroup.com\/exca\/#website"},"datePublished":"2019-03-18T07:33:54+00:00","dateModified":"2023-02-02T10:21:15+00:00","breadcrumb":{"@id":"https:\/\/elite-capitalgroup.com\/exca\/qui-sommes-nous\/#breadcrumb"},"inLanguage":"fr-FR","potentialAction":[{"@type":"ReadAction","target":["https:\/\/elite-capitalgroup.com\/exca\/qui-sommes-nous\/"]}]},{"@type":"BreadcrumbList","@id":"https:\/\/elite-capitalgroup.com\/exca\/qui-sommes-nous\/#breadcrumb","itemListElement":[{"@type":"ListItem","position":1,"name":"Accueil","item":"https:\/\/elite-capitalgroup.com\/exca\/"},{"@type":"ListItem","position":2,"name":"Qui sommes-nous"}]},{"@type":"WebSite","@id":"https:\/\/elite-capitalgroup.com\/exca\/#website","url":"https:\/\/elite-capitalgroup.com\/exca\/","name":"ELITE CAPITAL SECURITIES CENTRAL AFRICA","description":"Partenaire privil\u00e9gi\u00e9 des \u00e9metteurs et investisseurs en zone CEMAC","publisher":{"@id":"https:\/\/elite-capitalgroup.com\/exca\/#organization"},"potentialAction":[{"@type":"SearchAction","target":{"@type":"EntryPoint","urlTemplate":"https:\/\/elite-capitalgroup.com\/exca\/?s={search_term_string}"},"query-input":{"@type":"PropertyValueSpecification","valueRequired":true,"valueName":"search_term_string"}}],"inLanguage":"fr-FR"},{"@type":"Organization","@id":"https:\/\/elite-capitalgroup.com\/exca\/#organization","name":"ELITE CAPITAL SECURITIES CENTRAL AFRICA","url":"https:\/\/elite-capitalgroup.com\/exca\/","logo":{"@type":"ImageObject","inLanguage":"fr-FR","@id":"https:\/\/elite-capitalgroup.com\/exca\/#\/schema\/logo\/image\/","url":"https:\/\/i0.wp.com\/elite-capitalsecurities.com\/wp-content\/uploads\/2022\/01\/logo-baseline.png?fit=220%2C51&ssl=1","contentUrl":"https:\/\/i0.wp.com\/elite-capitalsecurities.com\/wp-content\/uploads\/2022\/01\/logo-baseline.png?fit=220%2C51&ssl=1","width":220,"height":51,"caption":"ELITE CAPITAL SECURITIES CENTRAL AFRICA"},"image":{"@id":"https:\/\/elite-capitalgroup.com\/exca\/#\/schema\/logo\/image\/"},"sameAs":["https:\/\/www.facebook.com\/elitecapitalsecurities\/","https:\/\/www.linkedin.com\/company\/elite-capital-securities-central-africa\/"]}]}},"_links":{"self":[{"href":"https:\/\/elite-capitalgroup.com\/exca\/wp-json\/wp\/v2\/pages\/1026","targetHints":{"allow":["GET"]}}],"collection":[{"href":"https:\/\/elite-capitalgroup.com\/exca\/wp-json\/wp\/v2\/pages"}],"about":[{"href":"https:\/\/elite-capitalgroup.com\/exca\/wp-json\/wp\/v2\/types\/page"}],"author":[{"embeddable":true,"href":"https:\/\/elite-capitalgroup.com\/exca\/wp-json\/wp\/v2\/users\/2"}],"replies":[{"embeddable":true,"href":"https:\/\/elite-capitalgroup.com\/exca\/wp-json\/wp\/v2\/comments?post=1026"}],"version-history":[{"count":6,"href":"https:\/\/elite-capitalgroup.com\/exca\/wp-json\/wp\/v2\/pages\/1026\/revisions"}],"predecessor-version":[{"id":2614,"href":"https:\/\/elite-capitalgroup.com\/exca\/wp-json\/wp\/v2\/pages\/1026\/revisions\/2614"}],"wp:attachment":[{"href":"https:\/\/elite-capitalgroup.com\/exca\/wp-json\/wp\/v2\/media?parent=1026"}],"curies":[{"name":"wp","href":"https:\/\/api.w.org\/{rel}","templated":true}]}}